{"id":432,"date":"2024-01-12T03:09:20","date_gmt":"2024-01-12T03:09:20","guid":{"rendered":"https:\/\/peoplesresearchcouncil.org\/comprometete\/"},"modified":"2024-01-24T16:00:55","modified_gmt":"2024-01-24T16:00:55","slug":"comprometete","status":"publish","type":"page","link":"https:\/\/peoplesresearchcouncil.org\/es\/comprometete\/","title":{"rendered":"Comprom\u00e9tete"},"content":{"rendered":"<p>[et_pb_section fb_built=\u00bb1&#8243; _builder_version=\u00bb4.23.1&#8243; _module_preset=\u00bbdefault\u00bb background_image=\u00bbhttps:\/\/peoplesresearchcouncil.org\/wp-content\/uploads\/2023\/10\/Home-Hero-Bkg.png\u00bb parallax=\u00bbon\u00bb custom_padding=\u00bb121px||120px|||\u00bb global_colors_info=\u00bb{}\u00bb][et_pb_row _builder_version=\u00bb4.23.1&#8243; _module_preset=\u00bbdefault\u00bb global_colors_info=\u00bb{}\u00bb][et_pb_column type=\u00bb4_4&#8243; _builder_version=\u00bb4.23.1&#8243; _module_preset=\u00bbdefault\u00bb global_colors_info=\u00bb{}\u00bb][et_pb_text _builder_version=\u00bb4.23.1&#8243; _module_preset=\u00bbdefault\u00bb header_font=\u00bbPoppins||||||||\u00bb header_text_color=\u00bb#ffffff\u00bb header_font_size=\u00bb64px\u00bb global_colors_info=\u00bb{}\u00bb]<\/p>\n<h1>Comprom\u00e9tete<\/h1>\n<p>[\/et_pb_text][et_pb_text _builder_version=\u00bb4.23.1&#8243; _module_preset=\u00bbdefault\u00bb text_font=\u00bbPoppins||||||||\u00bb text_text_color=\u00bb#ffffff\u00bb text_font_size=\u00bb24px\u00bb text_line_height=\u00bb1.6em\u00bb link_font=\u00bb||||on|||#cbda28|\u00bb link_text_color=\u00bb#cbda28&#8243; global_colors_info=\u00bb{}\u00bb]<\/p>\n<p>Hay muchas oportunidades para comprometerse con el Consejo de Investigaci\u00f3n de los Pueblos en 2024. Ayude a influir en los esfuerzos locales de investigaci\u00f3n en Winston-Salem y el condado de Forsyth para maximizar el beneficio de la comunidad y evitar da\u00f1os.  <strong>Vis\u00edtenos a menudo para conocer nuevas oportunidades.<\/strong><\/p>\n<p>[\/et_pb_text][\/et_pb_column][\/et_pb_row][\/et_pb_section][et_pb_section fb_built=\u00bb1&#8243; _builder_version=\u00bb4.23.1&#8243; _module_preset=\u00bbdefault\u00bb background_color=\u00bb#f9f9f9&#8243; global_colors_info=\u00bb{}\u00bb][et_pb_row _builder_version=\u00bb4.23.1&#8243; _module_preset=\u00bbdefault\u00bb global_colors_info=\u00bb{}\u00bb][et_pb_column type=\u00bb4_4&#8243; _builder_version=\u00bb4.23.1&#8243; _module_preset=\u00bbdefault\u00bb global_colors_info=\u00bb{}\u00bb][et_pb_text _builder_version=\u00bb4.23.1&#8243; _module_preset=\u00bbdefault\u00bb text_font=\u00bbPoppins||||||||\u00bb link_font=\u00bb||||on||||\u00bb link_text_color=\u00bb#23365F\u00bb header_2_font=\u00bbPoppins||||||||\u00bb header_2_font_size=\u00bb36px\u00bb global_colors_info=\u00bb{}\u00bb]<\/p>\n<h2>Oportunidades actuales para el proyecto We Heal Together:<\/h2>\n<p><span style=\"font-weight: 400;\"><\/span><\/p>\n<p><span style=\"font-weight: 400;\">We Heal Together se dedica a promover la resiliencia, la equidad y los enfoques informados sobre traumas en comunidades que han experimentado recientemente disturbios civiles, violencia comunitaria o traumas colectivos en los \u00faltimos 24 meses. La misi\u00f3n de We Heal Together es ayudar a j\u00f3venes y familias de alto riesgo mediante programas de prevenci\u00f3n de la violencia basados en pruebas y de participaci\u00f3n juvenil en la comunidad.<\/span><\/p>\n<p><span style=\"font-weight: 400;\">We Heal Together es un proyecto piloto del People&#8217;s Research Council (PRC) en colaboraci\u00f3n con Action4Equity, Crossnore y Forsyth Futures, centrado en <a href=\"https:\/\/peoplesresearchcouncil.org\/wp-content\/uploads\/2024\/01\/We-Heal-Together-Map-1.pdf\" target=\"_blank\" rel=\"noopener\">esta zona espec\u00edfica del este de Winston-Salem<\/a>. El proyecto se financia en gran medida con una subvenci\u00f3n federal de la SAMHSA (Administraci\u00f3n de Servicios de Salud Mental y Abuso de Sustancias).<\/span><\/p>\n<p>[\/et_pb_text][et_pb_button button_url=\u00bb@ET-DC@eyJkeW5hbWljIjp0cnVlLCJjb250ZW50IjoicG9zdF9saW5rX3VybF9wYWdlIiwic2V0dGluZ3MiOnsicG9zdF9pZCI6IjM0MiJ9fQ==@\u00bb button_text=\u00bbM\u00e1s informaci\u00f3n sobre We Heal Together\u00bb _builder_version=\u00bb4.23.1&#8243; _dynamic_attributes=\u00bbbutton_url\u00bb _module_preset=\u00bbdefault\u00bb custom_button=\u00bbon\u00bb button_text_color=\u00bb#23365f\u00bb button_font=\u00bbPoppins||||||||\u00bb global_colors_info=\u00bb{}\u00bb][\/et_pb_button][\/et_pb_column][\/et_pb_row][et_pb_row column_structure=\u00bb1_3,1_3,1_3&#8243; use_custom_gutter=\u00bbon\u00bb gutter_width=\u00bb2&#8243; _builder_version=\u00bb4.23.1&#8243; _module_preset=\u00bbdefault\u00bb hover_enabled=\u00bb0&#8243; global_colors_info=\u00bb{}\u00bb sticky_enabled=\u00bb0&#8243;][et_pb_column type=\u00bb1_3&#8243; _builder_version=\u00bb4.23.1&#8243; _module_preset=\u00bbdefault\u00bb background_color=\u00bb#ffffff\u00bb custom_padding=\u00bb||9px||false|false\u00bb global_colors_info=\u00bb{}\u00bb][et_pb_text _builder_version=\u00bb4.23.1&#8243; _module_preset=\u00bbdefault\u00bb text_font=\u00bbPoppins||||||||\u00bb text_text_color=\u00bb#6E6C63&#8243; text_font_size=\u00bb14px\u00bb text_line_height=\u00bb1.6em\u00bb header_2_font=\u00bbPoppins|700|||||||\u00bb header_2_font_size=\u00bb32px\u00bb header_3_text_color=\u00bb#828282&#8243; header_3_font_size=\u00bb29px\u00bb background_color=\u00bbRGBA(255,255,255,0)\u00bb custom_padding=\u00bb41px|36px|36px|28px|false|false\u00bb link_option_url_new_window=\u00bbon\u00bb hover_enabled=\u00bb0&#8243; border_width_bottom=\u00bb6px\u00bb border_color_bottom=\u00bb#7CDA24&#8243; global_colors_info=\u00bb{}\u00bb transform_styles__hover_enabled=\u00bbon|hover\u00bb transform_scale__hover_enabled=\u00bbon|desktop\u00bb transform_rotate__hover_enabled=\u00bbon|desktop\u00bb transform_skew__hover_enabled=\u00bbon|desktop\u00bb transform_origin__hover_enabled=\u00bbon|desktop\u00bb transform_translate__hover=\u00bb0px|-6px\u00bb transform_translate__hover_enabled=\u00bbon|hover\u00bb sticky_enabled=\u00bb0&#8243;]<\/p>\n<h2>Consejero comunitario<\/h2>\n<p><span style=\"text-decoration: underline;\"><strong>OPORTUNIDAD REMUNERADA<\/strong><\/span><\/p>\n<p>Solicite ser Consejero Comunitario del proyecto We Heal Together. Haga clic en el siguiente enlace para obtener m\u00e1s informaci\u00f3n y presentar su candidatura.<\/p>\n<p><strong>No espere m\u00e1s: presente su solicitud ahora. El plazo de presentaci\u00f3n de candidaturas para los puestos de Consejero comunitario se cierra el domingo 28 de enero.<\/strong><\/p>\n<p>[\/et_pb_text][et_pb_blurb title=\u00bbSolicite ahora m\u00e1s informaci\u00f3n\u00bb url=\u00bbhttps:\/\/forsythfutures.qualtrics.com\/jfe\/form\/SV_3korqYs1LHyq3xs\u00bb url_new_window=\u00bbon\u00bb use_icon=\u00bbon\u00bb font_icon=\u00bb&#xf044;||fa||400&#8243; icon_color=\u00bb#6E6C63&#8243; icon_placement=\u00bbleft\u00bb _builder_version=\u00bb4.23.1&#8243; _module_preset=\u00bbdefault\u00bb header_font=\u00bbPoppins||||||||\u00bb header_font_size=\u00bb16px\u00bb header_line_height=\u00bb2em\u00bb transform_translate_linked__hover=\u00bboff\u00bb custom_margin=\u00bb||6px||false|false\u00bb custom_padding=\u00bb|||28px|false|false\u00bb link_option_url=\u00bbhttps:\/\/forsythfutures.qualtrics.com\/jfe\/form\/SV_3korqYs1LHyq3xs\u00bb link_option_url_new_window=\u00bbon\u00bb global_colors_info=\u00bb{}\u00bb transform_styles__hover_enabled=\u00bbon|hover\u00bb transform_scale__hover_enabled=\u00bbon|desktop\u00bb transform_translate__hover_enabled=\u00bbon|hover\u00bb transform_rotate__hover_enabled=\u00bbon|desktop\u00bb transform_skew__hover_enabled=\u00bbon|desktop\u00bb transform_origin__hover_enabled=\u00bbon|desktop\u00bb transform_translate__hover=\u00bb-6px|0px\u00bb][\/et_pb_blurb][\/et_pb_column][et_pb_column type=\u00bb1_3&#8243; _builder_version=\u00bb4.23.1&#8243; _module_preset=\u00bbdefault\u00bb background_color=\u00bb#ffffff\u00bb custom_padding=\u00bb||9px||false|false\u00bb global_colors_info=\u00bb{}\u00bb][et_pb_text _builder_version=\u00bb4.23.1&#8243; _module_preset=\u00bbdefault\u00bb text_font=\u00bbPoppins||||||||\u00bb text_text_color=\u00bb#6E6C63&#8243; text_font_size=\u00bb14px\u00bb text_line_height=\u00bb1.6em\u00bb header_2_font=\u00bbPoppins|700|||||||\u00bb header_2_font_size=\u00bb32px\u00bb header_3_text_color=\u00bb#828282&#8243; header_3_font_size=\u00bb29px\u00bb background_color=\u00bbRGBA(255,255,255,0)\u00bb custom_padding=\u00bb41px|36px|36px|28px|false|false\u00bb link_option_url_new_window=\u00bbon\u00bb hover_enabled=\u00bb0&#8243; border_width_bottom=\u00bb6px\u00bb border_color_bottom=\u00bb#7CDA24&#8243; global_colors_info=\u00bb{}\u00bb transform_styles__hover_enabled=\u00bbon|hover\u00bb transform_scale__hover_enabled=\u00bbon|desktop\u00bb transform_rotate__hover_enabled=\u00bbon|desktop\u00bb transform_skew__hover_enabled=\u00bbon|desktop\u00bb transform_origin__hover_enabled=\u00bbon|desktop\u00bb transform_translate__hover=\u00bb0px|-6px\u00bb transform_translate__hover_enabled=\u00bbon|hover\u00bb sticky_enabled=\u00bb0&#8243;]<\/p>\n<h2>Investigador comunitario<\/h2>\n<p><span style=\"text-decoration: underline;\"><strong>OPORTUNIDAD REMUNERADA<\/strong><\/span><\/p>\n<p>Solicite ser investigador comunitario del proyecto We Heal Together. Haga clic en el siguiente enlace para obtener m\u00e1s informaci\u00f3n y presentar su candidatura.<\/p>\n<p><strong>No espere m\u00e1s: presente su solicitud ahora. El plazo de presentaci\u00f3n de candidaturas para los puestos de investigador comunitario se cierra el domingo 28 de enero.<\/strong><\/p>\n<p>[\/et_pb_text][et_pb_blurb title=\u00bbSolicite ahora m\u00e1s informaci\u00f3n\u00bb url=\u00bbhttps:\/\/forsythfutures.qualtrics.com\/jfe\/form\/SV_cGFgMT3BRXqFvBI\u00bb url_new_window=\u00bbon\u00bb use_icon=\u00bbon\u00bb font_icon=\u00bb&#xf044;||fa||400&#8243; icon_color=\u00bb#6E6C63&#8243; icon_placement=\u00bbleft\u00bb _builder_version=\u00bb4.23.1&#8243; _module_preset=\u00bbdefault\u00bb header_font=\u00bbPoppins||||||||\u00bb header_font_size=\u00bb16px\u00bb header_line_height=\u00bb2em\u00bb custom_margin=\u00bb||6px||false|false\u00bb custom_padding=\u00bb|||28px|false|false\u00bb link_option_url=\u00bbhttps:\/\/forsythfutures.qualtrics.com\/jfe\/form\/SV_cGFgMT3BRXqFvBI\u00bb link_option_url_new_window=\u00bbon\u00bb global_colors_info=\u00bb{}\u00bb transform_styles__hover_enabled=\u00bbon|hover\u00bb transform_scale__hover_enabled=\u00bbon|desktop\u00bb transform_translate__hover=\u00bb-6px|0px\u00bb transform_translate__hover_enabled=\u00bbon|hover\u00bb transform_rotate__hover_enabled=\u00bbon|desktop\u00bb transform_skew__hover_enabled=\u00bbon|desktop\u00bb transform_origin__hover_enabled=\u00bbon|desktop\u00bb][\/et_pb_blurb][\/et_pb_column][et_pb_column type=\u00bb1_3&#8243; _builder_version=\u00bb4.23.1&#8243; _module_preset=\u00bbdefault\u00bb background_color=\u00bb#ffffff\u00bb custom_padding=\u00bb||9px||false|false\u00bb global_colors_info=\u00bb{}\u00bb][et_pb_text _builder_version=\u00bb4.23.1&#8243; _module_preset=\u00bbdefault\u00bb text_font=\u00bbPoppins||||||||\u00bb text_text_color=\u00bb#6E6C63&#8243; text_font_size=\u00bb14px\u00bb text_line_height=\u00bb1.6em\u00bb header_2_font=\u00bbPoppins|700|||||||\u00bb header_2_font_size=\u00bb32px\u00bb header_3_text_color=\u00bb#828282&#8243; header_3_font_size=\u00bb29px\u00bb background_color=\u00bbRGBA(255,255,255,0)\u00bb custom_padding=\u00bb41px|36px|36px|28px|false|false\u00bb hover_enabled=\u00bb0&#8243; border_width_bottom=\u00bb6px\u00bb border_color_bottom=\u00bb#7CDA24&#8243; global_colors_info=\u00bb{}\u00bb transform_styles__hover_enabled=\u00bbon|hover\u00bb transform_scale__hover_enabled=\u00bbon|desktop\u00bb transform_rotate__hover_enabled=\u00bbon|desktop\u00bb transform_skew__hover_enabled=\u00bbon|desktop\u00bb transform_origin__hover_enabled=\u00bbon|desktop\u00bb transform_translate__hover=\u00bb0px|-6px\u00bb transform_translate__hover_enabled=\u00bbon|hover\u00bb sticky_enabled=\u00bb0&#8243;]<\/p>\n<h2>Participante en la investigaci\u00f3n<\/h2>\n<p><span style=\"text-decoration: underline;\"><strong>OPORTUNIDAD REMUNERADA<\/strong><\/span><\/p>\n<p>Presente su candidatura para contribuir con sus ideas al proyecto We Heal Together como participante en la investigaci\u00f3n. Investigaci\u00f3n Los participantes contribuyen mediante entrevistas, sesiones de escucha y grupos de discusi\u00f3n. Haga clic en el siguiente enlace para obtener m\u00e1s informaci\u00f3n y presentar su candidatura.<\/p>\n<p><strong>No espere m\u00e1s: presente su solicitud ahora. El plazo para la presentaci\u00f3n de solicitudes de Participantes en la Investigaci\u00f3n s\u00f3lo estar\u00e1 abierto durante un tiempo limitado.<\/strong><\/p>\n<p>[\/et_pb_text][et_pb_blurb title=\u00bbSolicite ahora m\u00e1s informaci\u00f3n\u00bb url=\u00bbhttps:\/\/forsythfutures.qualtrics.com\/jfe\/form\/SV_elznq1CBcrG9UsS\u00bb url_new_window=\u00bbon\u00bb use_icon=\u00bbon\u00bb font_icon=\u00bb&#xf044;||fa||400&#8243; icon_color=\u00bb#6E6C63&#8243; icon_placement=\u00bbleft\u00bb _builder_version=\u00bb4.23.1&#8243; _module_preset=\u00bbdefault\u00bb header_font=\u00bbPoppins||||||||\u00bb header_font_size=\u00bb16px\u00bb header_line_height=\u00bb2em\u00bb custom_margin=\u00bb||6px||false|false\u00bb custom_padding=\u00bb|||28px|false|false\u00bb link_option_url=\u00bbhttps:\/\/forsythfutures.qualtrics.com\/jfe\/form\/SV_elznq1CBcrG9UsS\u00bb link_option_url_new_window=\u00bbon\u00bb global_colors_info=\u00bb{}\u00bb transform_styles__hover_enabled=\u00bbon|hover\u00bb transform_scale__hover_enabled=\u00bbon|desktop\u00bb transform_translate__hover=\u00bb-6px|0px\u00bb transform_translate__hover_enabled=\u00bbon|hover\u00bb transform_rotate__hover_enabled=\u00bbon|desktop\u00bb transform_skew__hover_enabled=\u00bbon|desktop\u00bb transform_origin__hover_enabled=\u00bbon|desktop\u00bb][\/et_pb_blurb][\/et_pb_column][\/et_pb_row][\/et_pb_section]<\/p>\n<span class=\"et_bloom_bottom_trigger\"><\/span>","protected":false},"excerpt":{"rendered":"<p>Comprom\u00e9teteHay muchas oportunidades para comprometerse con el Consejo de Investigaci\u00f3n de los Pueblos en 2024. Ayude a influir en los esfuerzos locales de investigaci\u00f3n en Winston-Salem y el condado de Forsyth para maximizar el beneficio de la comunidad y evitar da\u00f1os. Vis\u00edtenos a menudo para conocer nuevas oportunidades.Oportunidades actuales para el proyecto We Heal Together: [&hellip;]<\/p>\n","protected":false},"author":2,"featured_media":0,"parent":0,"menu_order":0,"comment_status":"closed","ping_status":"closed","template":"","meta":{"_et_pb_use_builder":"on","_et_pb_old_content":"","_et_gb_content_width":"","_coblocks_attr":"","_coblocks_dimensions":"","_coblocks_responsive_height":"","_coblocks_accordion_ie_support":"","footnotes":""},"class_list":["post-432","page","type-page","status-publish","hentry"],"_links":{"self":[{"href":"https:\/\/peoplesresearchcouncil.org\/es\/wp-json\/wp\/v2\/pages\/432","targetHints":{"allow":["GET"]}}],"collection":[{"href":"https:\/\/peoplesresearchcouncil.org\/es\/wp-json\/wp\/v2\/pages"}],"about":[{"href":"https:\/\/peoplesresearchcouncil.org\/es\/wp-json\/wp\/v2\/types\/page"}],"author":[{"embeddable":true,"href":"https:\/\/peoplesresearchcouncil.org\/es\/wp-json\/wp\/v2\/users\/2"}],"replies":[{"embeddable":true,"href":"https:\/\/peoplesresearchcouncil.org\/es\/wp-json\/wp\/v2\/comments?post=432"}],"version-history":[{"count":8,"href":"https:\/\/peoplesresearchcouncil.org\/es\/wp-json\/wp\/v2\/pages\/432\/revisions"}],"predecessor-version":[{"id":481,"href":"https:\/\/peoplesresearchcouncil.org\/es\/wp-json\/wp\/v2\/pages\/432\/revisions\/481"}],"wp:attachment":[{"href":"https:\/\/peoplesresearchcouncil.org\/es\/wp-json\/wp\/v2\/media?parent=432"}],"curies":[{"name":"wp","href":"https:\/\/api.w.org\/{rel}","templated":true}]}}